{"id":5209,"date":"2025-04-24T11:30:38","date_gmt":"2025-04-24T11:30:38","guid":{"rendered":"https:\/\/mcakey.com\/product\/windows-11-home-5-pc\/"},"modified":"2025-11-29T19:42:56","modified_gmt":"2025-11-29T19:42:56","slug":"windows-11-home-5-pc","status":"publish","type":"product","link":"https:\/\/mcakey.com\/it\/product\/windows-11-home-5-pc\/","title":{"rendered":"Windows 11 Home \u2013 (5 PC)"},"content":{"rendered":"<div style=\"font-family: Arial, sans-serif; max-width: 1200px; margin: 0 auto; padding: 20px; line-height: 1.6;\">\n<div style=\"margin-bottom: 30px;\">\n<h1 style=\"color: #0067b8; font-size: 32px; margin-bottom: 20px;\">Windows 11 Home &#8211; Chiave di licenza digitale originale<\/h1>\n<div style=\"background-color: #fffaed; border-left: 4px solid #ffc107; padding: 15px; margin: 20px 0;\">\n<p style=\"margin: 0; font-weight: bold;\">Attenzione! Questo prodotto non pu\u00f2 essere utilizzato per aggiornare il sistema da altre versioni!<\/p>\n<p style=\"margin: 10px 0 0 0;\">Se riscontri problemi durante l&#8217;attivazione, contattaci.<\/p>\n<\/div>\n<h3 style=\"color: #333; font-size: 20px; margin: 25px 0 15px 0;\">La chiave CD di Windows 11 Home (32\/64 Bit) funziona solo per Windows, non per Mac!<\/h3>\n<div style=\"background-color: #f0f7ff; padding: 15px; border-left: 4px solid #0067b8; margin: 20px 0;\">\n<h4 style=\"margin-top: 0; margin-bottom: 10px;\">Si prega di notare:<\/h4>\n<p style=\"margin-bottom: 10px;\"><strong>Le edizioni Windows 10 Home, Windows 7 Home Basic\/Premium e Windows 8.1 CoreCountrySpecific\/CoreSingleLanguage\/Cinese (incl. WMC) NON possono essere aggiornate direttamente a Windows 11 Home cambiando la chiave di prodotto nel sistema Windows. Se hai queste edizioni sul tuo computer, dovrai effettuare un&#8217;installazione pulita dopo aver acquistato Windows 11 Home.<\/strong><\/p>\n<p style=\"margin-bottom: 0;\"><strong>Nota: se non possiedi un DVD o una chiavetta USB di installazione, scarica il file di configurazione del sistema dal sito web ufficiale Microsoft.<\/strong><\/p>\n<p><strong>Ulteriori informazioni sull&#8217;installazione saranno fornite nell&#8217;email di consegna.<\/strong><\/p>\n<\/div>\n<\/div>\n<div style=\"margin-bottom: 30px;\">\n<h2 style=\"color: #0067b8; font-size: 28px; margin-bottom: 15px;\">Acquista Windows 11 Home e installalo sul tuo PC!<\/h2>\n<p style=\"font-size: 16px; margin-bottom: 20px;\">Acquista Windows 11 Home da Keys4Microsoft e risparmia! L&#8217;ultima versione del sistema operativo Microsoft pi\u00f9 apprezzato \u00e8 finalmente disponibile. Windows 11 rappresenta un restyling completo sia nelle funzionalit\u00e0 che nell&#8217;aspetto, offrendo funzioni all&#8217;avanguardia per ottimizzare le risorse del tuo PC e massimizzare l&#8217;esperienza di gioco \u2013 goditi l&#8217;integrazione migliorata con i servizi Microsoft Xbox Game Pass.<\/p>\n<p style=\"font-size: 16px; margin-bottom: 20px;\">Intrattenimento, creazione di contenuti e attivit\u00e0 professionali sono portati al livello successivo: sfrutta le nuove tecnologie hardware come DirectStorage per ottimizzare i tempi di caricamento e le prestazioni con i tuoi giochi preferiti, e goditi il pieno supporto per le ultime suite Microsoft Office 2021, cos\u00ec potrai completare ogni attivit\u00e0 in modo rapido e senza sforzo!<\/p>\n<p style=\"font-size: 16px; margin-bottom: 20px;\">Anche in questa edizione pensata per utenti privati, Windows 11 Home, Microsoft non ha rinunciato alla sicurezza, utilizzando tecnologie come i chip TPM sulle schede madri moderne per migliorare la protezione del sistema.<\/p>\n<h3 style=\"color: #333; font-size: 22px; margin: 25px 0 15px 0;\">Principali vantaggi di Windows 11 Home:<\/h3>\n<ul style=\"padding-left: 20px; margin-bottom: 25px;\">\n<li style=\"margin-bottom: 12px;\">Nuova interfaccia Fluent Design &#8211; Goditi un layout pi\u00f9 organico per icone e menu Start (ora centrato sulla nuova barra delle applicazioni), finestre arrotondate e interfaccia utente ottimizzata che offre una migliore esperienza con schermi touch<\/li>\n<li style=\"margin-bottom: 12px;\">Tecnologia DirectStorage &#8211; Ottimizza i flussi di dati e massimizza le prestazioni durante le sessioni di gioco riducendo i tempi di caricamento e garantendo un gameplay pi\u00f9 fluido<\/li>\n<li style=\"margin-bottom: 12px;\">Strumenti avanzati per sviluppatori e creatori &#8211; Accedi a funzionalit\u00e0 migliorate per creare, gestire e monetizzare al meglio i tuoi contenuti e applicazioni<\/li>\n<li style=\"margin-bottom: 12px;\">Compatibilit\u00e0 software completa &#8211; Funziona senza problemi con i software attuali, inclusi gli antivirus leader e le suite Microsoft Office 2019 &amp; Office 365<\/li>\n<li style=\"margin-bottom: 12px;\">Gestione moderna del sistema &#8211; Usa l&#8217;interfaccia ridisegnata per la gestione di dischi e partizioni direttamente dal menu Impostazioni<\/li>\n<li style=\"margin-bottom: 12px;\">Modalit\u00e0 tablet avanzata &#8211; Vivere un&#8217;esperienza con controlli tattili migliori e una maggiore reattivit\u00e0 sui dispositivi tablet e computer 2-in-1<\/li>\n<li style=\"margin-bottom: 12px;\">Layout Snap e Gruppi Snap &#8211; Organizza le finestre in modo pi\u00f9 efficiente e gestisci tutte le applicazioni in esecuzione con funzionalit\u00e0 intuitive di raggruppamento<\/li>\n<li style=\"margin-bottom: 12px;\">Modalit\u00e0 Chiara e Oscura &#8211; Ottimizza la tua esperienza visiva con modalit\u00e0 display adattive per diversi ambienti e preferenze<\/li>\n<li style=\"margin-bottom: 12px;\">Widget interattivi &#8211; Accedi a widget dinamici basati su intelligenza artificiale per informazioni e funzionalit\u00e0 personalizzate<\/li>\n<li style=\"margin-bottom: 12px;\">Supporto app Android &#8211; Scarica e utilizza le tue applicazioni Android preferite direttamente dal Microsoft Store, proprio come qualsiasi altra app sul tuo dispositivo<\/li>\n<\/ul>\n<p style=\"font-size: 16px; margin-bottom: 20px;\">Windows 11 Home \u00e8 un sistema operativo basato su servizio progettato per garantire un&#8217;esperienza utente ottimizzata con maggiore sicurezza e tecnologie all&#8217;avanguardia.<\/p>\n<\/div>\n<div style=\"margin-bottom: 30px;\">\n<h2 style=\"color: #0067b8; font-size: 28px; margin-bottom: 15px;\">Scarica Windows 11 Home in pochi secondi<\/h2>\n<p style=\"font-size: 16px; margin-bottom: 20px;\">Acquista e scarica Windows 11 Home entro pochi secondi dal tuo acquisto. Segui le istruzioni per installare subito il tuo nuovo sistema operativo Microsoft. Questa consegna istantanea \u00e8 resa possibile dal nostro modello di distribuzione digitale, che permette a Keys4Microsoft di offrirti prodotti a prezzi competitivi, consegna immediata e attivazione rapida dopo l&#8217;acquisto.<\/p>\n<p style=\"font-size: 16px; margin-bottom: 20px;\">Tutti gli ordini sono elaborati tramite metodi di pagamento sicuri e tracciabili per la tua tranquillit\u00e0! Acquista la tua chiave prodotto Windows 11 Home con fiducia: sei coperto dalla nostra garanzia soddisfatti o rimborsati. Leggi le recensioni dei nostri clienti per saperne di pi\u00f9 sull&#8217;esperienza Keys4Microsoft!<\/p>\n<p style=\"font-size: 16px; margin-bottom: 20px;\">Risparmiando significativamente rispetto al prezzo di listino, eviterai anche tempi di attesa e altri inconvenienti. Riceverai immediatamente una licenza autentica al 100% per Windows 11 Home con istruzioni chiare e precise e un link ufficiale per il download. Se hai domande o dubbi, il nostro team di supporto tecnico \u00e8 sempre disponibile per assisterti.<\/p>\n<\/div>\n<div style=\"margin-bottom: 30px;\">\n<h2 style=\"color: #0067b8; font-size: 28px; margin-bottom: 15px;\">Scegli Windows 11 Home in consegna digitale &#8211; L&#8217;opzione intelligente ed ecologica!<\/h2>\n<p style=\"font-size: 16px; margin-bottom: 20px;\">Keys4Microsoft \u00e8 un&#8217;azienda attenta all&#8217;ambiente, impegnata nel futuro digitale. Combinando questi principi, offriamo prodotti premium come Windows 11 Home senza necessit\u00e0 di consegna fisica. Questo approccio consente una consegna in tempo reale contribuendo alla protezione dell&#8217;ambiente: niente corrieri, nessuna emissione di gas di scarico, nessun imballaggio superfluo. Siamo orgogliosi di essere un&#8217;azienda ecologica!<\/p>\n<\/div>\n<div style=\"margin-bottom: 30px;\">\n<h2 style=\"color: #0067b8; font-size: 28px; margin-bottom: 15px;\">Compatibilit\u00e0 con Microsoft Office<\/h2>\n<p style=\"font-size: 16px; margin-bottom: 20px;\">Windows 11 Home \u00e8 pienamente compatibile con Office 2021, offrendo un&#8217;integrazione perfetta per applicazioni di produttivit\u00e0 e aziendali. Migliora la tua esperienza con Windows 11 grazie all&#8217;ultima suite di produttivit\u00e0 Microsoft.<\/p>\n<\/div>\n<div style=\"margin-bottom: 30px;\">\n<h2 style=\"color: #0067b8; font-size: 28px; margin-bottom: 15px;\">Le licenze Windows 11 Home scadono?<\/h2>\n<p style=\"font-size: 16px; margin-bottom: 20px;\">Le licenze digitali per Windows 11 Home disponibili da Keys4Microsoft sono associate al tuo account Microsoft e non a un dispositivo specifico. Ci\u00f2 significa che la licenza digitale acquistata \u00e8 perpetua: puoi utilizzarla ogni volta che devi formattare o sostituire il tuo computer (totalmente o solo alcuni componenti).<\/p>\n<\/div>\n<div style=\"margin-bottom: 30px;\">\n<h2 style=\"color: #0067b8; font-size: 28px; margin-bottom: 15px;\">Cosa aspettarsi dopo l&#8217;ordine<\/h2>\n<p style=\"font-size: 16px; margin-bottom: 20px;\">Quando acquisti Windows 11 Home da Keys4Microsoft, risparmi significativamente rispetto al prezzo al dettaglio standard. Riceverai un&#8217;email contenente tutto il necessario per scaricare, installare e attivare Windows 11 Home sul tuo PC:<\/p>\n<ul style=\"padding-left: 20px; margin-bottom: 20px;\">\n<li style=\"margin-bottom: 10px;\">Il tuo sistema operativo Windows 11 Home (1 licenza per 5 utenti)<\/li>\n<li style=\"margin-bottom: 10px;\">Link ufficiale per il download del file ISO di Windows 11 Home<\/li>\n<li style=\"margin-bottom: 10px;\">Istruzioni chiare e concise per scaricare, installare e attivare Windows 11 Home<\/li>\n<\/ul>\n<\/div>\n<div style=\"margin-top: 40px;\">\n<h3 style=\"color: #333; font-size: 20px;\">Scopri altri prodotti su Keys4Microsoft<\/h3>\n<\/div>\n<\/div>\n","protected":false},"excerpt":{"rendered":"<p>Windows 11 Home &#8211; Chiave di licenza digitale originale Attenzione! Questo prodotto non pu\u00f2 essere utilizzato per aggiornare il sistema da altre versioni! Se riscontri&#8230;<\/p>\n","protected":false},"featured_media":4459,"comment_status":"open","ping_status":"closed","template":"","meta":[],"etheme_brands":[],"product_brand":[],"product_cat":[124],"product_tag":[],"class_list":{"0":"post-5209","1":"product","2":"type-product","3":"status-publish","4":"has-post-thumbnail","6":"product_cat-chiavi-windows-11-10","8":"first","9":"instock","10":"taxable","11":"shipping-taxable","12":"purchasable","13":"product-type-simple"},"_links":{"self":[{"href":"https:\/\/mcakey.com\/it\/wp-json\/wp\/v2\/product\/5209","targetHints":{"allow":["GET"]}}],"collection":[{"href":"https:\/\/mcakey.com\/it\/wp-json\/wp\/v2\/product"}],"about":[{"href":"https:\/\/mcakey.com\/it\/wp-json\/wp\/v2\/types\/product"}],"replies":[{"embeddable":true,"href":"https:\/\/mcakey.com\/it\/wp-json\/wp\/v2\/comments?post=5209"}],"version-history":[{"count":0,"href":"https:\/\/mcakey.com\/it\/wp-json\/wp\/v2\/product\/5209\/revisions"}],"wp:featuredmedia":[{"embeddable":true,"href":"https:\/\/mcakey.com\/it\/wp-json\/wp\/v2\/media\/4459"}],"wp:attachment":[{"href":"https:\/\/mcakey.com\/it\/wp-json\/wp\/v2\/media?parent=5209"}],"wp:term":[{"taxonomy":"brand","embeddable":true,"href":"https:\/\/mcakey.com\/it\/wp-json\/wp\/v2\/etheme_brands?post=5209"},{"taxonomy":"product_brand","embeddable":true,"href":"https:\/\/mcakey.com\/it\/wp-json\/wp\/v2\/product_brand?post=5209"},{"taxonomy":"product_cat","embeddable":true,"href":"https:\/\/mcakey.com\/it\/wp-json\/wp\/v2\/product_cat?post=5209"},{"taxonomy":"product_tag","embeddable":true,"href":"https:\/\/mcakey.com\/it\/wp-json\/wp\/v2\/product_tag?post=5209"}],"curies":[{"name":"wp","href":"https:\/\/api.w.org\/{rel}","templated":true}]}}