{"id":5056,"date":"2024-07-20T15:31:22","date_gmt":"2024-07-20T15:31:22","guid":{"rendered":"https:\/\/mcakey.com\/come-attivare-office-tramite-telefono\/"},"modified":"2025-11-29T17:56:28","modified_gmt":"2025-11-29T17:56:28","slug":"come-attivare-office-tramite-telefono","status":"publish","type":"page","link":"https:\/\/mcakey.com\/it\/come-attivare-office-tramite-telefono\/","title":{"rendered":"Come attivare Office tramite telefono"},"content":{"rendered":"\t\t<div data-elementor-type=\"wp-page\" data-elementor-id=\"5056\" class=\"elementor elementor-5056 elementor-3558\" data-elementor-post-type=\"page\">\n\t\t\t\t<div class=\"elementor-element elementor-element-2f89095 e-flex e-con-boxed e-con e-parent\" data-id=\"2f89095\" data-element_type=\"container\" data-e-type=\"container\">\n\t\t\t\t\t<div class=\"e-con-inner\">\n\t\t\t\t<div class=\"elementor-element elementor-element-2a00dab etheme-elementor-widget-loaded elementor-widget elementor-widget-html\" data-id=\"2a00dab\" data-element_type=\"widget\" data-e-type=\"widget\" data-widget_type=\"html.default\">\n\t\t\t\t<div class=\"elementor-widget-container\">\n\t\t\t\t\t<div role=\"main\" style=\"text-align: center;\">\r\n  <article id=\"post-1895\" style=\"display: inline-block; text-align: left;\">\r\n    <section style=\"text-align: center;\">\r\n      <h2>Come attivare Office tramite telefono?<\/h2>\r\n    <\/section>\r\n    <section>\r\n      <h5>Di seguito \u00e8 riportato il messaggio standard che riceverai per avviare l'attivazione telefonica.<\/h5>\r\n      <div style=\"text-align: center;\">\r\n        <img fetchpriority=\"high\" decoding=\"async\" width=\"547\" height=\"410\" src=\"https:\/\/mcakey.com\/wp-content\/uploads\/2024\/07\/1a.png\">\r\n      <\/div>\r\n      <p>Se visualizzi il seguente messaggio di errore durante il tentativo di attivazione di Office 2019\/2016 con la tua chiave di licenza, consulta quanto riportato di seguito. Per iniziare il semplice processo di attivazione telefonica, consulta quanto segue<\/p>\r\n      <h4>Metodo 1<\/h4>\r\n      <p><strong>Utilizzando: <a style=\"color: var(--e-global-color-primary);\" href=\"https:\/\/mcakey.com\/get-confirmation-id-online\/\" target=\"_blank\" rel=\"noopener\">Ottieni ID di conferma online<\/a> <\/strong><\/p>\r\n    <\/section>\r\n    <section>\r\n      <div style=\"text-align: center;\">\r\n        <img decoding=\"async\" width=\"547\" height=\"410\" src=\"https:\/\/mcakey.com\/wp-content\/uploads\/2024\/07\/2.png\">\r\n      <\/div>\r\n      <p>Ora fare clic su Avanti.<\/p>\r\n      <p>Selezionare innanzitutto il proprio paese<\/p>\r\n      <p>Controllare l'esempio di questa finestra riportato di seguito.<\/p>\r\n      <div style=\"text-align: center;\">\r\n        <img decoding=\"async\" width=\"547\" height=\"410\" src=\"https:\/\/mcakey.com\/wp-content\/uploads\/2024\/07\/3.png\">\r\n      <\/div>\r\n      <ol>\r\n        <li>Copiare l'ID di installazione visualizzato al passaggio 2 negli Appunti del PC.<\/li>\r\n        <li>Vai a: <strong><a style=\"color: var(--e-global-color-primary);\" href=\"https:\/\/mcakey.com\/get-confirmation-id-online\/\" target=\"_blank\" rel=\"noopener\">Ottieni ID di conferma online<\/a><\/strong> <\/li>\r\n        <li>Immettere l'ID di installazione copiato negli Appunti nella casella ID di installazione (IDD).<\/li>\r\n        <li>Fare clic su Ottieni.<\/li>\r\n        <li>Copiare l'ID di conferma (CID).<\/li>\r\n        <li>Immettere l'ID di conferma (CID) nelle caselle A B C.. quindi fare clic su Avanti.<\/li>\r\n      <\/ol>\r\n      <div style=\"text-align: center;\">\r\n        <img decoding=\"async\" width=\"547\" height=\"410\" src=\"https:\/\/mcakey.com\/wp-content\/uploads\/2024\/07\/3.png\">\r\n      <\/div>\r\n      <p>7. L'attivazione di Office \u00e8 completata.<\/p>\r\n      <div style=\"text-align: center;\">\r\n          <img loading=\"lazy\" decoding=\"async\" width=\"547\" height=\"410\" src=\"https:\/\/mcakey.com\/wp-content\/uploads\/2024\/07\/4a.png\">\r\n      <\/div>\r\n      <h4>Metodo 2<\/h4>\r\n      <p><strong>Chiama il Centro Microsoft<\/strong><\/p>\r\n      <div style=\"text-align: center;\">\r\n        <img decoding=\"async\" width=\"547\" height=\"410\" src=\"https:\/\/mcakey.com\/wp-content\/uploads\/2024\/07\/2.png\">\r\n      <\/div>\r\n      <p>Ora fare clic su Avanti.<\/p>\r\n      <p>Verr\u00e0 visualizzata la sezione relativa all'attivazione telefonica.<\/p>\r\n      <p>Selezionare innanzitutto il proprio paese; ci\u00f2 consentir\u00e0 a Microsoft di generare un numero da chiamare.<\/p>\r\n      <p>Se il numero non funziona o non ne viene visualizzato uno, fare <strong><a href=\"https:\/\/mcakey.com\/microsoft-licensing-activation-centers\/\">clic qui.<\/a><\/strong><\/p>\r\n      <p>Si prega di chiamare il numero corrispondente al proprio paese.<\/p>\r\n      <p>Un esempio di questa finestra \u00e8 riportato di seguito.<\/p>\r\n      <div style=\"text-align: center;\">\r\n        <img decoding=\"async\" width=\"547\" height=\"410\" src=\"https:\/\/mcakey.com\/wp-content\/uploads\/2024\/07\/3.png\">\r\n      <\/div>\r\n      <p><strong>Seguire i passaggi riportati di seguito per attivare Office 2019 tramite telefono:<\/strong><\/p>\r\n      <p>1 \u2013 Iniziare chiamando il numero scelto.<\/p>\r\n      <p>2 \u2013 Premere ora l'opzione 1 per acconsentire alla registrazione della chiamata.<\/p>\r\n      <p>3 \u2013 Immettere il numero di sicurezza generato automaticamente se richiesto sul tastierino telefonico.<\/p>\r\n      <p>4 \u2013 Premere ora l'opzione 3, NON premere l'opzione 2, altrimenti l'attivazione non riuscir\u00e0.<\/p>\r\n      <p>5 \u2013 Premere ora l'opzione 1.<\/p>\r\n      <p>Microsoft richieder\u00e0 ora l'ID di installazione; digitarlo attentamente sul tastierino telefonico.<\/p>\r\n      <p>6 - Verr\u00e0 ora chiesto il numero di utilizzi, premere 0. (La ragione per cui si sceglie 0 \u00e8 perch\u00e9 non si \u00e8 ancora attivato su alcun PC)<\/p>\r\n      <p>7 - Il sistema automatizzato verificher\u00e0 ora il tuo ID di installazione e ti generer\u00e0 un ID di conferma<\/p>\r\n      <p>* (se non presente, vedere in fondo alla pagina)<\/p>\r\n      <p>8 - Digitare con attenzione l'ID di conferma nel PC e premere Avanti.<\/p>\r\n      <p>9 - L'attivazione \u00e8 avvenuta con successo ed \u00e8 completamente installata sul PC.<\/p>\r\n      <p>10 - ora premere l'opzione 2 sul tastierino telefonico per completare l'attivazione.<\/p>\r\n      <p>Consultare l'immagine riportata di seguito.<\/p>\r\n      <div style=\"text-align: center;\">\r\n          <img loading=\"lazy\" decoding=\"async\" width=\"547\" height=\"410\" src=\"https:\/\/mcakey.com\/wp-content\/uploads\/2024\/07\/4a.png\">\r\n      <\/div>\r\n      <p>* In caso di problemi durante il recupero dell'ID di conferma, inviarci <b><a href=\"https:\/\/mcakey.com\/contact-us\/\">un'emai<\/a><\/b>l con il proprio ID di attivazione. Una volta ricevuto tale ID, elaboreremo il tuo ID di attivazione e ti invieremo il tuo ID di conferma. Dovrai inoltre inviarci il tuo numero d'ordine.<\/p>\r\n    <\/section>\r\n  <\/article>\r\n<\/div>\r\n\t\t\t\t<\/div>\n\t\t\t\t<\/div>\n\t\t\t\t\t<\/div>\n\t\t\t\t<\/div>\n\t\t\t\t<\/div>\n\t\t","protected":false},"excerpt":{"rendered":"<p>Come attivare Office tramite telefono? Di seguito \u00e8 riportato il messaggio standard che riceverai per avviare l&#8217;attivazione telefonica. Se visualizzi il seguente messaggio di errore&#8230;<\/p>\n","protected":false},"author":1,"featured_media":0,"parent":0,"menu_order":0,"comment_status":"closed","ping_status":"closed","template":"","meta":{"footnotes":""},"class_list":["post-5056","page","type-page","status-publish","hentry"],"_links":{"self":[{"href":"https:\/\/mcakey.com\/it\/wp-json\/wp\/v2\/pages\/5056","targetHints":{"allow":["GET"]}}],"collection":[{"href":"https:\/\/mcakey.com\/it\/wp-json\/wp\/v2\/pages"}],"about":[{"href":"https:\/\/mcakey.com\/it\/wp-json\/wp\/v2\/types\/page"}],"author":[{"embeddable":true,"href":"https:\/\/mcakey.com\/it\/wp-json\/wp\/v2\/users\/1"}],"replies":[{"embeddable":true,"href":"https:\/\/mcakey.com\/it\/wp-json\/wp\/v2\/comments?post=5056"}],"version-history":[{"count":0,"href":"https:\/\/mcakey.com\/it\/wp-json\/wp\/v2\/pages\/5056\/revisions"}],"wp:attachment":[{"href":"https:\/\/mcakey.com\/it\/wp-json\/wp\/v2\/media?parent=5056"}],"curies":[{"name":"wp","href":"https:\/\/api.w.org\/{rel}","templated":true}]}}