{"id":5539,"date":"2022-08-18T14:56:48","date_gmt":"2022-08-18T14:56:48","guid":{"rendered":"https:\/\/mcakey.com\/product\/office-2021-professional-plus-phone-key-activation\/"},"modified":"2025-12-04T20:54:45","modified_gmt":"2025-12-04T20:54:45","slug":"office-2021-professional-plus-phone-key-activation","status":"publish","type":"product","link":"https:\/\/mcakey.com\/fr\/product\/office-2021-professional-plus-phone-key-activation\/","title":{"rendered":"Office 2021 Professional Plus [ Phone Key Activation ]"},"content":{"rendered":"<div class=\"product-description rte\" data-product-description=\"\">\n<div id=\"coreui-banner-hwnfw32\" data-m=\"{\"cN\":\"Banner 1\",\"cT\":\"Module_coreui-banner\",\"id\":\"m1r4a2\",\"sN\":1,\"aN\":\"r4a2\"}\" data-mce-fragment=\"1\" data-module-id=\"PDP-RT-Office-Template|OverviewTab|coreui-region|coreui-banner-hwnfw32|coreui-banner\">\n<div class=\"m-banner paragraph-width\" data-grid=\"col-12\" data-mce-fragment=\"1\">\n<h1 data-mce-fragment=\"1\"><span data-mce-fragment=\"1\">Cl\u00e9 de licence Office 2021 Professionnel<\/span><\/h1>\n<p data-mce-fragment=\"1\">Microsoft Office 2021 Pro Plus est l&rsquo;un des produits Microsoft annonc\u00e9s aux c\u00f4t\u00e9s de <span data-mce-fragment=\"1\"><a href=\"https:\/\/mcakey.com\/fr\/product\/windows-11-professional-activation-key-online\/\" data-mce-fragment=\"1\">Windows 11<\/a><\/span>. Office 2021, dans lequel Office 2019 Pro est modernis\u00e9 et les outils sont plus faciles \u00e0 utiliser, inclut les applications classiques destin\u00e9es aux entreprises (Word, Excel, PowerPoint, Outlook, Publisher, Access).<\/p>\n<h2 data-mce-fragment=\"1\"><span data-mce-fragment=\"1\">Diff\u00e9rences entre Office 2021 et Microsoft 365<\/span><\/h2>\n<p data-mce-fragment=\"1\">Vous achetez la version Office 2021 Pro Plus une fois pour utiliser les applications bureautiques classiques sur votre ordinateur. Si vous n&rsquo;avez pas besoin des autres services offerts avec un abonnement <a href=\"https:\/\/mcakey.com\/product\/office-365-account-pro-plus-cloud-5-devices-1-year\/\" data-mce-fragment=\"1\">Microsoft 365<\/a>, Office 2021 sera le bon choix. Bien qu&rsquo;Office 2021 re\u00e7oive toujours des mises \u00e0 jour, une mise \u00e0 niveau gratuite vers une nouvelle version qui sera publi\u00e9e dans les ann\u00e9es \u00e0 venir ne peut pas \u00eatre fournie.<\/p>\n<p data-mce-fragment=\"1\">Pour utiliser Office 2021, un syst\u00e8me d&rsquo;exploitation <a href=\"https:\/\/mcakey.com\/fr\/product\/windows-10-pro-digital-license-for-1-pc-phone-activation\/\" data-mce-fragment=\"1\">Windows 10<\/a> au minimum est requis. Office 2021 Pro Plus ne fonctionnera pas sur Windows 8.1, Windows 8 et versions inf\u00e9rieures.<\/p>\n<p data-mce-fragment=\"1\"><span data-mce-fragment=\"1\">Pour un fonctionnement stable d&rsquo;Office 2021 Pro, une carte graphique DirectX 10, au moins 2 Go de RAM et un processeur double-c\u0153ur sont requis. En outre, il est important de disposer d&rsquo;un acc\u00e8s Internet afin de pouvoir recevoir les mises \u00e0 jour. Vous avez besoin d&rsquo;un acc\u00e8s Internet pour installer et activer Office 2021 Pro. Mais une fois toutes les applications Office enti\u00e8rement install\u00e9es sur votre ordinateur, l&rsquo;acc\u00e8s Internet n&rsquo;est plus n\u00e9cessaire.<\/span><\/p>\n<p data-mce-fragment=\"1\"><span data-mce-fragment=\"1\">Apr\u00e8s avoir achet\u00e9 Office 2021 Pro Plus, vous pouvez t\u00e9l\u00e9charger le produit en allant sur le site officiel Office et en saisissant votre code de licence.<\/span><\/p>\n<h2 class=\"c-heading-3\" data-mce-fragment=\"1\"><span data-mce-fragment=\"1\">Principaux avantages<\/span><\/h2>\n<p data-mce-fragment=\"1\"><span data-mce-fragment=\"1\">Toutes les applications qui r\u00e9pondront \u00e0 vos besoins de base. Office Professionnel 2021 ; destin\u00e9 aux petites entreprises en croissance souhaitant disposer des applications bureautiques classiques ainsi que d&rsquo;Outlook, Publisher et Access. Il s&rsquo;agit ici d&rsquo;un achat unique install\u00e9 sur un PC pour utilisation.<\/span><\/p>\n<\/div>\n<\/div>\n<div id=\"coreui-contentplacement-b2vafbi\" data-m=\"{\"cN\":\"ContentPlacement 1\",\"cT\":\"Module_coreui-contentplacement\",\"id\":\"m2r4a2\",\"sN\":2,\"aN\":\"r4a2\"}\" data-mce-fragment=\"1\" data-module-id=\"PDP-RT-Office-Template|OverviewTab|coreui-region|coreui-contentplacement-b2vafbi|coreui-contentplacement\">\n<div class=\"m-content-placement f-size-small x-clearfix f-align-center three-item\" data-mce-fragment=\"1\">\n<div data-grid=\"col-12 stack-2 pad-12x\" data-mce-fragment=\"1\">\n<div data-grid=\"col-4\" data-mce-fragment=\"1\">\n<section class=\"m-content-placement-item\" role=\"presentation\" data-m=\"{\"cN\":\"PromotionalItem\",\"cT\":\"Container\",\"id\":\"c1m2r4a2\",\"sN\":1,\"aN\":\"m2r4a2\"}\" data-mce-fragment=\"1\">\n<h3 class=\"c-heading\" data-mce-fragment=\"1\"><span data-mce-fragment=\"1\">Achat unique<\/span><\/h3>\n<\/section>\n<\/div>\n<div data-grid=\"col-4\" data-mce-fragment=\"1\">\n<section class=\"m-content-placement-item\" role=\"presentation\" data-m=\"{\"cN\":\"PromotionalItem\",\"cT\":\"Container\",\"id\":\"c2m2r4a2\",\"sN\":2,\"aN\":\"m2r4a2\"}\" data-mce-fragment=\"1\">\n<h3 class=\"c-heading\" data-mce-fragment=\"1\"><span data-mce-fragment=\"1\">Installer sur un PC<\/span><\/h3>\n<\/section>\n<\/div>\n<\/div>\n<\/div>\n<\/div>\n<\/div>\n","protected":false},"excerpt":{"rendered":"<p>Cl\u00e9 de licence Office 2021 Professionnel Microsoft Office 2021 Pro Plus est l&rsquo;un des produits Microsoft annonc\u00e9s aux c\u00f4t\u00e9s de Windows 11. Office 2021, dans&#8230;<\/p>\n","protected":false},"featured_media":5541,"comment_status":"open","ping_status":"closed","template":"","meta":[],"etheme_brands":[],"product_brand":[],"product_cat":[117],"product_tag":[],"class_list":{"0":"post-5539","1":"product","2":"type-product","3":"status-publish","4":"has-post-thumbnail","6":"product_cat-cles-office","8":"first","9":"instock","10":"featured","11":"purchasable","12":"product-type-simple"},"_links":{"self":[{"href":"https:\/\/mcakey.com\/fr\/wp-json\/wp\/v2\/product\/5539","targetHints":{"allow":["GET"]}}],"collection":[{"href":"https:\/\/mcakey.com\/fr\/wp-json\/wp\/v2\/product"}],"about":[{"href":"https:\/\/mcakey.com\/fr\/wp-json\/wp\/v2\/types\/product"}],"replies":[{"embeddable":true,"href":"https:\/\/mcakey.com\/fr\/wp-json\/wp\/v2\/comments?post=5539"}],"version-history":[{"count":0,"href":"https:\/\/mcakey.com\/fr\/wp-json\/wp\/v2\/product\/5539\/revisions"}],"wp:featuredmedia":[{"embeddable":true,"href":"https:\/\/mcakey.com\/fr\/wp-json\/wp\/v2\/media\/5541"}],"wp:attachment":[{"href":"https:\/\/mcakey.com\/fr\/wp-json\/wp\/v2\/media?parent=5539"}],"wp:term":[{"taxonomy":"brand","embeddable":true,"href":"https:\/\/mcakey.com\/fr\/wp-json\/wp\/v2\/etheme_brands?post=5539"},{"taxonomy":"product_brand","embeddable":true,"href":"https:\/\/mcakey.com\/fr\/wp-json\/wp\/v2\/product_brand?post=5539"},{"taxonomy":"product_cat","embeddable":true,"href":"https:\/\/mcakey.com\/fr\/wp-json\/wp\/v2\/product_cat?post=5539"},{"taxonomy":"product_tag","embeddable":true,"href":"https:\/\/mcakey.com\/fr\/wp-json\/wp\/v2\/product_tag?post=5539"}],"curies":[{"name":"wp","href":"https:\/\/api.w.org\/{rel}","templated":true}]}}