{"id":5364,"date":"2022-08-20T12:00:23","date_gmt":"2022-08-20T12:00:23","guid":{"rendered":"https:\/\/mcakey.com\/conditions-dutilisation\/"},"modified":"2025-11-29T22:56:30","modified_gmt":"2025-11-29T22:56:30","slug":"conditions-dutilisation","status":"publish","type":"page","link":"https:\/\/mcakey.com\/fr\/conditions-dutilisation\/","title":{"rendered":"Conditions d&rsquo;utilisation"},"content":{"rendered":"\t\t<div data-elementor-type=\"wp-page\" data-elementor-id=\"5364\" class=\"elementor elementor-5364 elementor-1052\" data-elementor-post-type=\"page\">\n\t\t\t\t\t\t<section class=\"elementor-section elementor-top-section elementor-element elementor-element-32a6970 elementor-section-boxed elementor-section-height-default elementor-section-height-default\" data-id=\"32a6970\" data-element_type=\"section\" data-e-type=\"section\">\n\t\t\t\t\t\t<div class=\"elementor-container elementor-column-gap-default\">\n\t\t\t\t\t<div class=\"elementor-column elementor-col-100 elementor-top-column elementor-element elementor-element-f0ebe98\" data-id=\"f0ebe98\" data-element_type=\"column\" data-e-type=\"column\">\n\t\t\t<div class=\"elementor-widget-wrap elementor-element-populated\">\n\t\t\t\t\t\t<div class=\"elementor-element elementor-element-cffd252 elementor-widget elementor-widget-heading\" data-id=\"cffd252\" data-element_type=\"widget\" data-e-type=\"widget\" data-widget_type=\"heading.default\">\n\t\t\t\t<div class=\"elementor-widget-container\">\n\t\t\t\t\t<h2 class=\"elementor-heading-title elementor-size-default\">Conditions d'utilisation<\/h2>\t\t\t\t<\/div>\n\t\t\t\t<\/div>\n\t\t\t\t<div class=\"elementor-element elementor-element-2a23b49 elementor-widget elementor-widget-text-editor\" data-id=\"2a23b49\" data-element_type=\"widget\" data-e-type=\"widget\" data-widget_type=\"text-editor.default\">\n\t\t\t\t<div class=\"elementor-widget-container\">\n\t\t\t\t\t\t\t\t\t<p><strong>R\u00e9trofacturations<\/strong><\/p><p>Les r\u00e9trofacturations sont pr\u00e9judiciables \u00e0 la fois pour vous et pour notre boutique. Si vous souhaitez demander un <a href=\"https:\/\/mcakey.com\/fr\/politique-de-remboursement\/\"><b>remboursement<\/b><\/a>, veuillez suivre les \u00e9tapes ci-dessous au lieu d&rsquo;initier une r\u00e9trofacturation.<\/p><p><strong>Demandes de remboursement<\/strong><\/p><p>Pour demander un remboursement, veuillez envoyer un e-mail \u00e0 notre \u00e9quipe d&rsquo;assistance. Il est crucial de fournir une adresse e-mail valide pour toutes les communications avec l&rsquo;\u00e9quipe d&rsquo;assistance et notre boutique.<\/p><p><strong>Informations de contact<\/strong><\/p><p>Pour toute question ou pr\u00e9occupation, veuillez contacter notre \u00e9quipe d&rsquo;assistance :<\/p><p>Courrier \u00e9lectronique :<strong><a rel=\"noreferrer\"> support@mcakey.com<\/a><\/strong><\/p><p><a style=\"background-color: #ffffff; color: #111114; transition-property: all; outline: 0px;\" rel=\"noreferrer\">WhatsApp : <strong><span style=\"font-family: Poppins, sans-serif; font-size: 12px; font-weight: var( --e-global-typography-text-font-weight ); color: #000000;\">+1 (716) 306-4665<\/span><\/strong><\/a><\/p>\t\t\t\t\t\t\t\t<\/div>\n\t\t\t\t<\/div>\n\t\t\t\t\t<\/div>\n\t\t<\/div>\n\t\t\t\t\t<\/div>\n\t\t<\/section>\n\t\t\t\t<\/div>\n\t\t","protected":false},"excerpt":{"rendered":"<p>Conditions d&rsquo;utilisation R\u00e9trofacturations Les r\u00e9trofacturations sont pr\u00e9judiciables \u00e0 la fois pour vous et pour notre boutique. Si vous souhaitez demander un remboursement, veuillez suivre les&#8230;<\/p>\n","protected":false},"author":1,"featured_media":0,"parent":0,"menu_order":0,"comment_status":"closed","ping_status":"closed","template":"","meta":{"footnotes":""},"class_list":["post-5364","page","type-page","status-publish","hentry"],"_links":{"self":[{"href":"https:\/\/mcakey.com\/fr\/wp-json\/wp\/v2\/pages\/5364","targetHints":{"allow":["GET"]}}],"collection":[{"href":"https:\/\/mcakey.com\/fr\/wp-json\/wp\/v2\/pages"}],"about":[{"href":"https:\/\/mcakey.com\/fr\/wp-json\/wp\/v2\/types\/page"}],"author":[{"embeddable":true,"href":"https:\/\/mcakey.com\/fr\/wp-json\/wp\/v2\/users\/1"}],"replies":[{"embeddable":true,"href":"https:\/\/mcakey.com\/fr\/wp-json\/wp\/v2\/comments?post=5364"}],"version-history":[{"count":0,"href":"https:\/\/mcakey.com\/fr\/wp-json\/wp\/v2\/pages\/5364\/revisions"}],"wp:attachment":[{"href":"https:\/\/mcakey.com\/fr\/wp-json\/wp\/v2\/media?parent=5364"}],"curies":[{"name":"wp","href":"https:\/\/api.w.org\/{rel}","templated":true}]}}