{"id":5342,"date":"2022-08-20T11:56:54","date_gmt":"2022-08-20T11:56:54","guid":{"rendered":"https:\/\/mcakey.com\/shipping-policy\/"},"modified":"2025-11-29T22:47:20","modified_gmt":"2025-11-29T22:47:20","slug":"shipping-policy","status":"publish","type":"page","link":"https:\/\/mcakey.com\/fr\/shipping-policy\/","title":{"rendered":"Shipping policy"},"content":{"rendered":"\t\t<div data-elementor-type=\"wp-page\" data-elementor-id=\"5342\" class=\"elementor elementor-5342 elementor-1044\" data-elementor-post-type=\"page\">\n\t\t\t\t\t\t<section class=\"elementor-section elementor-top-section elementor-element elementor-element-315a2af elementor-section-boxed elementor-section-height-default elementor-section-height-default\" data-id=\"315a2af\" data-element_type=\"section\" data-e-type=\"section\">\n\t\t\t\t\t\t<div class=\"elementor-container elementor-column-gap-default\">\n\t\t\t\t\t<div class=\"elementor-column elementor-col-100 elementor-top-column elementor-element elementor-element-a0e8325\" data-id=\"a0e8325\" data-element_type=\"column\" data-e-type=\"column\">\n\t\t\t<div class=\"elementor-widget-wrap elementor-element-populated\">\n\t\t\t\t\t\t<div class=\"elementor-element elementor-element-e2aff49 elementor-widget elementor-widget-heading\" data-id=\"e2aff49\" data-element_type=\"widget\" data-e-type=\"widget\" data-widget_type=\"heading.default\">\n\t\t\t\t<div class=\"elementor-widget-container\">\n\t\t\t\t\t<h2 class=\"elementor-heading-title elementor-size-default\">Politique d'exp\u00e9dition<\/h2>\t\t\t\t<\/div>\n\t\t\t\t<\/div>\n\t\t\t\t<div class=\"elementor-element elementor-element-85c2a69 elementor-widget elementor-widget-text-editor\" data-id=\"85c2a69\" data-element_type=\"widget\" data-e-type=\"widget\" data-widget_type=\"text-editor.default\">\n\t\t\t\t<div class=\"elementor-widget-container\">\n\t\t\t\t\t\t\t\t\t<p><strong>R\u00e9ception de votre cl\u00e9 de licence<\/strong><\/p><p>Une fois votre paiement re\u00e7u, nous vous enverrons une cl\u00e9 de licence pour votre logiciel. Cette cl\u00e9 est valable pour la dur\u00e9e de vie de votre PC.<\/p><p><strong>Fonctionnement<\/strong><\/p><p>Nous enverrons la cl\u00e9 produit \u00e0 l&rsquo;adresse e-mail que vous avez fournie lors du paiement. Veuillez vous assurer que votre adresse e-mail est correcte afin d&rsquo;\u00e9viter tout retard.<\/p><p><strong>Besoin d&rsquo;aide ?<\/strong><\/p><p>Si vous ne voyez pas l&rsquo;e-mail contenant votre cl\u00e9 produit, v\u00e9rifiez vos dossiers de courrier ind\u00e9sirable ou de spam. Vous ne la trouvez toujours pas ou avez d&rsquo;autres questions ? Contactez-nous !<\/p><p>Courrier \u00e9lectronique :<strong><a rel=\"noreferrer\"> support@mcakey.com<\/a><\/strong><\/p><p>Nous sommes l\u00e0 pour vous aider et souhaitons nous assurer que vous \u00eates satisfait de votre achat.<\/p>\t\t\t\t\t\t\t\t<\/div>\n\t\t\t\t<\/div>\n\t\t\t\t\t<\/div>\n\t\t<\/div>\n\t\t\t\t\t<\/div>\n\t\t<\/section>\n\t\t\t\t<\/div>\n\t\t","protected":false},"excerpt":{"rendered":"<p>Politique d&rsquo;exp\u00e9dition R\u00e9ception de votre cl\u00e9 de licence Une fois votre paiement re\u00e7u, nous vous enverrons une cl\u00e9 de licence pour votre logiciel. Cette cl\u00e9&#8230;<\/p>\n","protected":false},"author":1,"featured_media":0,"parent":0,"menu_order":0,"comment_status":"closed","ping_status":"closed","template":"","meta":{"footnotes":""},"class_list":["post-5342","page","type-page","status-publish","hentry"],"_links":{"self":[{"href":"https:\/\/mcakey.com\/fr\/wp-json\/wp\/v2\/pages\/5342","targetHints":{"allow":["GET"]}}],"collection":[{"href":"https:\/\/mcakey.com\/fr\/wp-json\/wp\/v2\/pages"}],"about":[{"href":"https:\/\/mcakey.com\/fr\/wp-json\/wp\/v2\/types\/page"}],"author":[{"embeddable":true,"href":"https:\/\/mcakey.com\/fr\/wp-json\/wp\/v2\/users\/1"}],"replies":[{"embeddable":true,"href":"https:\/\/mcakey.com\/fr\/wp-json\/wp\/v2\/comments?post=5342"}],"version-history":[{"count":0,"href":"https:\/\/mcakey.com\/fr\/wp-json\/wp\/v2\/pages\/5342\/revisions"}],"wp:attachment":[{"href":"https:\/\/mcakey.com\/fr\/wp-json\/wp\/v2\/media?parent=5342"}],"curies":[{"name":"wp","href":"https:\/\/api.w.org\/{rel}","templated":true}]}}