{"id":5023,"date":"2024-07-20T15:38:28","date_gmt":"2024-07-20T15:38:28","guid":{"rendered":"https:\/\/mcakey.com\/get-cid-confirmation-id-online\/"},"modified":"2025-11-29T14:27:04","modified_gmt":"2025-11-29T14:27:04","slug":"get-cid-confirmation-id-online","status":"publish","type":"page","link":"https:\/\/mcakey.com\/fr\/get-cid-confirmation-id-online\/","title":{"rendered":"Get CID (Confirmation ID) Online"},"content":{"rendered":"\t\t<div data-elementor-type=\"wp-page\" data-elementor-id=\"5023\" class=\"elementor elementor-5023 elementor-3577\" data-elementor-post-type=\"page\">\n\t\t\t\t<div class=\"elementor-element elementor-element-3c321b5 e-flex e-con-boxed e-con e-parent\" data-id=\"3c321b5\" data-element_type=\"container\" data-e-type=\"container\">\n\t\t\t\t\t<div class=\"e-con-inner\">\n\t\t\t\t<div class=\"elementor-element elementor-element-e435c70 elementor-widget elementor-widget-heading\" data-id=\"e435c70\" data-element_type=\"widget\" data-e-type=\"widget\" data-widget_type=\"heading.default\">\n\t\t\t\t<div class=\"elementor-widget-container\">\n\t\t\t\t\t<h2 class=\"elementor-heading-title elementor-size-default\">Obtenir le CID (identifiant de confirmation) en ligne \u2013 Activez les produits Microsoft sans effort<\/h2>\t\t\t\t<\/div>\n\t\t\t\t<\/div>\n\t\t\t\t<div class=\"elementor-element elementor-element-fc31ff4 elementor-widget elementor-widget-text-editor\" data-id=\"fc31ff4\" data-element_type=\"widget\" data-e-type=\"widget\" data-widget_type=\"text-editor.default\">\n\t\t\t\t<div class=\"elementor-widget-container\">\n\t\t\t\t\t\t\t\t\t<p>Vous pouvez soit acheter un produit incluant des cr\u00e9dits CID (ex : activation t\u00e9l\u00e9phonique Microsoft Office 2021), soit acheter un <strong style=\"color: green;\"><a href=\"https:\/\/mcakey.com\/product\/microsoft-cid-credits-pack\/\">lot de cr\u00e9dits CID Microsoft<\/a><\/strong>. Plus d&rsquo;instructions ci-dessous.<\/p>\t\t\t\t\t\t\t\t<\/div>\n\t\t\t\t<\/div>\n\t\t\t\t<div class=\"elementor-element elementor-element-cdf0478 elementor-widget elementor-widget-shortcode\" data-id=\"cdf0478\" data-element_type=\"widget\" data-e-type=\"widget\" data-widget_type=\"shortcode.default\">\n\t\t\t\t<div class=\"elementor-widget-container\">\n\t\t\t\t\t\t\t<div class=\"elementor-shortcode\">[cid_widget]<\/div>\n\t\t\t\t\t\t<\/div>\n\t\t\t\t<\/div>\n\t\t\t\t<div class=\"elementor-element elementor-element-bb85222 elementor-widget elementor-widget-text-editor\" data-id=\"bb85222\" data-element_type=\"widget\" data-e-type=\"widget\" data-widget_type=\"text-editor.default\">\n\t\t\t\t<div class=\"elementor-widget-container\">\n\t\t\t\t\t\t\t\t\tBienvenue sur notre service Obtenir le CID (identifiant de confirmation) en ligne ! Ici, vous pouvez activer rapidement et facilement vos produits Microsoft sans avoir \u00e0 contacter le support technique Microsoft par t\u00e9l\u00e9phone. Notre service simplifie le processus d&rsquo;activation par t\u00e9l\u00e9phone, vous permettant de recevoir votre identifiant de confirmation (CID) instantan\u00e9ment via un formulaire en ligne.\n<h4><strong>Pourquoi choisir notre service ?<\/strong><\/h4>\n<ul>\n \t<li>Activation sans tracas : Plus besoin de perdre du temps en appels t\u00e9l\u00e9phoniques \u2014 obtenez votre CID directement au format texte gr\u00e2ce \u00e0 notre formulaire en ligne.<\/li>\n \t<li>Exp\u00e9rience fluide : Id\u00e9al pour activer des produits Microsoft tels que Windows et Office n\u00e9cessitant une activation par t\u00e9l\u00e9phone.<\/li>\n \t<li><strong style=\"color: green;\">Avantages exclusifs :<\/strong>\n<ul>\n \t<li>Lorsque vous achetez un article n\u00e9cessitant une activation par t\u00e9l\u00e9phone, vous b\u00e9n\u00e9ficiez \u00e9galement de cr\u00e9dits CID gratuits pour plus de commodit\u00e9.<\/li>\n \t<li>Cr\u00e9ez un compte pour profiter de cr\u00e9dits CID gratuits chaque mois, facilitant ainsi la gestion des activations pour plusieurs installations ou r\u00e9activations.<\/li>\n<\/ul>\n<\/li>\n<\/ul>\n<h4><strong>Fonctionnement :<\/strong><\/h4>\n<ol>\n \t<li>Achetez un article n\u00e9cessitant une activation Microsoft par t\u00e9l\u00e9phone.<\/li>\n \t<li>Soumettez votre identifiant d&rsquo;installation (IID) et autres informations via le formulaire en ligne.<\/li>\n \t<li>Recevez instantan\u00e9ment votre identifiant de confirmation (CID) au format texte pour activer votre logiciel.<\/li>\n<\/ol>\nSimplifiez d\u00e8s aujourd&rsquo;hui votre processus d&rsquo;activation Microsoft gr\u00e2ce \u00e0 notre service en ligne fiable de CID ! Profitez en outre de cr\u00e9dits CID gratuits mensuels en cr\u00e9ant un compte, garantissant des activations fluides et \u00e9conomiques.\t\t\t\t\t\t\t\t<\/div>\n\t\t\t\t<\/div>\n\t\t\t\t<div class=\"elementor-element elementor-element-6a432e6 elementor-widget elementor-widget-text-editor\" data-id=\"6a432e6\" data-element_type=\"widget\" data-e-type=\"widget\" data-widget_type=\"text-editor.default\">\n\t\t\t\t<div class=\"elementor-widget-container\">\n\t\t\t\t\t\t\t\t\t<p>Consultez les conditions de ce service <a href=\"https:\/\/mcakey.com\/cid-usage-terms-and-conditions\/\">ici<\/a>.<\/p><p><br><strong>Pourquoi ai-je besoin d&rsquo;une activation par t\u00e9l\u00e9phone ?<\/strong><br><br><\/p><p>Une cl\u00e9 d&rsquo;activation par t\u00e9l\u00e9phone est n\u00e9cessaire pour activer le produit si l&rsquo;activation en ligne ne peut pas s&rsquo;effectuer pour une raison quelconque, par exemple, l&rsquo;application affiche diverses erreurs lors de l&rsquo;activation via Internet, etc. Et aussi si l&rsquo;activation en ligne n&rsquo;est pas possible, par exemple, si l&rsquo;ordinateur n&rsquo;est pas connect\u00e9 \u00e0 Internet.<\/p><p><strong>Comment activer Office par t\u00e9l\u00e9phone ?<\/strong><\/p><p>Si vous avez besoin d&rsquo;aide, consultez cette page <span style=\"text-decoration: underline;\"><a href=\"https:\/\/mcakey.com\/how-to-activate-office-by-phone\/\">ici<\/a><\/span>.<\/p><p><strong>Comment activer Windows par t\u00e9l\u00e9phone ?<\/strong><\/p><p>Si vous avez besoin d&rsquo;aide, consultez cette page <a href=\"https:\/\/mcakey.com\/fr\/comment-activer-windows-par-telephone\/\"><span style=\"text-decoration: underline;\">ici<\/span><\/a>.<\/p>\t\t\t\t\t\t\t\t<\/div>\n\t\t\t\t<\/div>\n\t\t\t\t\t<\/div>\n\t\t\t\t<\/div>\n\t\t\t\t<\/div>\n\t\t","protected":false},"excerpt":{"rendered":"<p>Obtenir le CID (identifiant de confirmation) en ligne \u2013 Activez les produits Microsoft sans effort Vous pouvez soit acheter un produit incluant des cr\u00e9dits CID&#8230;<\/p>\n","protected":false},"author":1,"featured_media":0,"parent":0,"menu_order":0,"comment_status":"closed","ping_status":"closed","template":"","meta":{"footnotes":""},"class_list":["post-5023","page","type-page","status-publish","hentry"],"_links":{"self":[{"href":"https:\/\/mcakey.com\/fr\/wp-json\/wp\/v2\/pages\/5023","targetHints":{"allow":["GET"]}}],"collection":[{"href":"https:\/\/mcakey.com\/fr\/wp-json\/wp\/v2\/pages"}],"about":[{"href":"https:\/\/mcakey.com\/fr\/wp-json\/wp\/v2\/types\/page"}],"author":[{"embeddable":true,"href":"https:\/\/mcakey.com\/fr\/wp-json\/wp\/v2\/users\/1"}],"replies":[{"embeddable":true,"href":"https:\/\/mcakey.com\/fr\/wp-json\/wp\/v2\/comments?post=5023"}],"version-history":[{"count":0,"href":"https:\/\/mcakey.com\/fr\/wp-json\/wp\/v2\/pages\/5023\/revisions"}],"wp:attachment":[{"href":"https:\/\/mcakey.com\/fr\/wp-json\/wp\/v2\/media?parent=5023"}],"curies":[{"name":"wp","href":"https:\/\/api.w.org\/{rel}","templated":true}]}}