{"id":5368,"date":"2022-08-20T12:00:23","date_gmt":"2022-08-20T12:00:23","guid":{"rendered":"https:\/\/mcakey.com\/terms-of-service\/"},"modified":"2025-11-29T23:01:12","modified_gmt":"2025-11-29T23:01:12","slug":"terms-of-service","status":"publish","type":"page","link":"https:\/\/mcakey.com\/es\/terms-of-service\/","title":{"rendered":"Terms of service"},"content":{"rendered":"\t\t<div data-elementor-type=\"wp-page\" data-elementor-id=\"5368\" class=\"elementor elementor-5368 elementor-1052\" data-elementor-post-type=\"page\">\n\t\t\t\t\t\t<section class=\"elementor-section elementor-top-section elementor-element elementor-element-32a6970 elementor-section-boxed elementor-section-height-default elementor-section-height-default\" data-id=\"32a6970\" data-element_type=\"section\" data-e-type=\"section\">\n\t\t\t\t\t\t<div class=\"elementor-container elementor-column-gap-default\">\n\t\t\t\t\t<div class=\"elementor-column elementor-col-100 elementor-top-column elementor-element elementor-element-f0ebe98\" data-id=\"f0ebe98\" data-element_type=\"column\" data-e-type=\"column\">\n\t\t\t<div class=\"elementor-widget-wrap elementor-element-populated\">\n\t\t\t\t\t\t<div class=\"elementor-element elementor-element-cffd252 elementor-widget elementor-widget-heading\" data-id=\"cffd252\" data-element_type=\"widget\" data-e-type=\"widget\" data-widget_type=\"heading.default\">\n\t\t\t\t<div class=\"elementor-widget-container\">\n\t\t\t\t\t<h2 class=\"elementor-heading-title elementor-size-default\">T\u00e9rminos del servicio<\/h2>\t\t\t\t<\/div>\n\t\t\t\t<\/div>\n\t\t\t\t<div class=\"elementor-element elementor-element-2a23b49 elementor-widget elementor-widget-text-editor\" data-id=\"2a23b49\" data-element_type=\"widget\" data-e-type=\"widget\" data-widget_type=\"text-editor.default\">\n\t\t\t\t<div class=\"elementor-widget-container\">\n\t\t\t\t\t\t\t\t\t<p><strong>Devoluciones de cargo<\/strong><\/p><p>Las devoluciones de cargo perjudican tanto al cliente como a nuestra tienda. Si desea solicitar un <b><a href=\"https:\/\/mcakey.com\/es\/politica-de-reembolsos\/\">reembolso<\/a><\/b>, siga los pasos indicados a continuaci\u00f3n en lugar de iniciar una devoluci\u00f3n de cargo.<\/p><p><strong>Solicitudes de reembolso<\/strong><\/p><p>Para solicitar un reembolso, env\u00ede un correo electr\u00f3nico a nuestro equipo de soporte. Es fundamental proporcionar una direcci\u00f3n de correo electr\u00f3nico v\u00e1lida para todas las comunicaciones con el equipo de soporte y nuestra tienda.<\/p><p><strong>Informaci\u00f3n de contacto<\/strong><\/p><p>Para cualquier pregunta o inquietud, comun\u00edquese con nuestro equipo de soporte:<\/p><p>Correo electr\u00f3nico: <strong><a rel=\"noreferrer\">support@mcakey.com<\/a><\/strong><\/p><p><a style=\"background-color: #ffffff; color: #111114; transition-property: all; outline: 0px;\" rel=\"noreferrer\">WhatsApp: <strong><span style=\"font-family: Poppins, sans-serif; font-size: 12px; font-weight: var( --e-global-typography-text-font-weight ); color: #000000;\">+1 (716) 306-4665<\/span><\/strong><\/a><\/p>\t\t\t\t\t\t\t\t<\/div>\n\t\t\t\t<\/div>\n\t\t\t\t\t<\/div>\n\t\t<\/div>\n\t\t\t\t\t<\/div>\n\t\t<\/section>\n\t\t\t\t<\/div>\n\t\t","protected":false},"excerpt":{"rendered":"<p>T\u00e9rminos del servicio Devoluciones de cargo Las devoluciones de cargo perjudican tanto al cliente como a nuestra tienda. Si desea solicitar un reembolso, siga los&#8230;<\/p>\n","protected":false},"author":1,"featured_media":0,"parent":0,"menu_order":0,"comment_status":"closed","ping_status":"closed","template":"","meta":{"footnotes":""},"class_list":["post-5368","page","type-page","status-publish","hentry"],"_links":{"self":[{"href":"https:\/\/mcakey.com\/es\/wp-json\/wp\/v2\/pages\/5368","targetHints":{"allow":["GET"]}}],"collection":[{"href":"https:\/\/mcakey.com\/es\/wp-json\/wp\/v2\/pages"}],"about":[{"href":"https:\/\/mcakey.com\/es\/wp-json\/wp\/v2\/types\/page"}],"author":[{"embeddable":true,"href":"https:\/\/mcakey.com\/es\/wp-json\/wp\/v2\/users\/1"}],"replies":[{"embeddable":true,"href":"https:\/\/mcakey.com\/es\/wp-json\/wp\/v2\/comments?post=5368"}],"version-history":[{"count":0,"href":"https:\/\/mcakey.com\/es\/wp-json\/wp\/v2\/pages\/5368\/revisions"}],"wp:attachment":[{"href":"https:\/\/mcakey.com\/es\/wp-json\/wp\/v2\/media?parent=5368"}],"curies":[{"name":"wp","href":"https:\/\/api.w.org\/{rel}","templated":true}]}}