{"id":5352,"date":"2022-08-20T11:56:54","date_gmt":"2022-08-20T11:56:54","guid":{"rendered":"https:\/\/mcakey.com\/shipping-policy\/"},"modified":"2025-11-29T22:51:54","modified_gmt":"2025-11-29T22:51:54","slug":"shipping-policy","status":"publish","type":"page","link":"https:\/\/mcakey.com\/es\/shipping-policy\/","title":{"rendered":"Shipping policy"},"content":{"rendered":"\t\t<div data-elementor-type=\"wp-page\" data-elementor-id=\"5352\" class=\"elementor elementor-5352 elementor-1044\" data-elementor-post-type=\"page\">\n\t\t\t\t\t\t<section class=\"elementor-section elementor-top-section elementor-element elementor-element-315a2af elementor-section-boxed elementor-section-height-default elementor-section-height-default\" data-id=\"315a2af\" data-element_type=\"section\" data-e-type=\"section\">\n\t\t\t\t\t\t<div class=\"elementor-container elementor-column-gap-default\">\n\t\t\t\t\t<div class=\"elementor-column elementor-col-100 elementor-top-column elementor-element elementor-element-a0e8325\" data-id=\"a0e8325\" data-element_type=\"column\" data-e-type=\"column\">\n\t\t\t<div class=\"elementor-widget-wrap elementor-element-populated\">\n\t\t\t\t\t\t<div class=\"elementor-element elementor-element-e2aff49 elementor-widget elementor-widget-heading\" data-id=\"e2aff49\" data-element_type=\"widget\" data-e-type=\"widget\" data-widget_type=\"heading.default\">\n\t\t\t\t<div class=\"elementor-widget-container\">\n\t\t\t\t\t<h2 class=\"elementor-heading-title elementor-size-default\">Pol\u00edtica de env\u00edo<\/h2>\t\t\t\t<\/div>\n\t\t\t\t<\/div>\n\t\t\t\t<div class=\"elementor-element elementor-element-85c2a69 elementor-widget elementor-widget-text-editor\" data-id=\"85c2a69\" data-element_type=\"widget\" data-e-type=\"widget\" data-widget_type=\"text-editor.default\">\n\t\t\t\t<div class=\"elementor-widget-container\">\n\t\t\t\t\t\t\t\t\t<p><strong>Obtenci\u00f3n de su clave de licencia<\/strong><\/p><p>Una vez que hayamos recibido su pago, le enviaremos una clave de licencia para su software. Esta clave es v\u00e1lida durante toda la vida \u00fatil de su PC.<\/p><p><strong>C\u00f3mo funciona<\/strong><\/p><p>Le enviaremos por correo electr\u00f3nico la clave del producto a la direcci\u00f3n que proporcion\u00f3 durante el proceso de compra. Aseg\u00farese de que su direcci\u00f3n de correo electr\u00f3nico sea correcta para evitar retrasos.<\/p><p><strong>\u00bfNecesita ayuda?<\/strong><\/p><p>Si no ve el correo electr\u00f3nico con su clave de producto, revise su carpeta de spam o correo no deseado. \u00bfTodav\u00eda no puede encontrarlo o tiene otras preguntas? \u00a1Cont\u00e1ctenos!<\/p><p>Correo electr\u00f3nico: <a rel=\"noreferrer\"><strong>support@mcakey.com<\/strong><\/a><\/p><p>Estamos aqu\u00ed para ayudarle y queremos asegurarnos de que est\u00e9 satisfecho con su compra.<\/p>\t\t\t\t\t\t\t\t<\/div>\n\t\t\t\t<\/div>\n\t\t\t\t\t<\/div>\n\t\t<\/div>\n\t\t\t\t\t<\/div>\n\t\t<\/section>\n\t\t\t\t<\/div>\n\t\t","protected":false},"excerpt":{"rendered":"<p>Pol\u00edtica de env\u00edo Obtenci\u00f3n de su clave de licencia Una vez que hayamos recibido su pago, le enviaremos una clave de licencia para su software&#8230;.<\/p>\n","protected":false},"author":1,"featured_media":0,"parent":0,"menu_order":0,"comment_status":"closed","ping_status":"closed","template":"","meta":{"footnotes":""},"class_list":["post-5352","page","type-page","status-publish","hentry"],"_links":{"self":[{"href":"https:\/\/mcakey.com\/es\/wp-json\/wp\/v2\/pages\/5352","targetHints":{"allow":["GET"]}}],"collection":[{"href":"https:\/\/mcakey.com\/es\/wp-json\/wp\/v2\/pages"}],"about":[{"href":"https:\/\/mcakey.com\/es\/wp-json\/wp\/v2\/types\/page"}],"author":[{"embeddable":true,"href":"https:\/\/mcakey.com\/es\/wp-json\/wp\/v2\/users\/1"}],"replies":[{"embeddable":true,"href":"https:\/\/mcakey.com\/es\/wp-json\/wp\/v2\/comments?post=5352"}],"version-history":[{"count":0,"href":"https:\/\/mcakey.com\/es\/wp-json\/wp\/v2\/pages\/5352\/revisions"}],"wp:attachment":[{"href":"https:\/\/mcakey.com\/es\/wp-json\/wp\/v2\/media?parent=5352"}],"curies":[{"name":"wp","href":"https:\/\/api.w.org\/{rel}","templated":true}]}}