{"id":5292,"date":"2022-08-20T12:17:31","date_gmt":"2022-08-20T12:17:31","guid":{"rendered":"https:\/\/mcakey.com\/faq\/"},"modified":"2025-11-29T22:28:54","modified_gmt":"2025-11-29T22:28:54","slug":"faq","status":"publish","type":"page","link":"https:\/\/mcakey.com\/es\/faq\/","title":{"rendered":"FAQ"},"content":{"rendered":"\t\t<div data-elementor-type=\"wp-page\" data-elementor-id=\"5292\" class=\"elementor elementor-5292 elementor-1068\" data-elementor-post-type=\"page\">\n\t\t\t\t\t\t<section class=\"elementor-section elementor-top-section elementor-element elementor-element-ba3453b elementor-section-boxed elementor-section-height-default elementor-section-height-default\" data-id=\"ba3453b\" data-element_type=\"section\" data-e-type=\"section\">\n\t\t\t\t\t\t<div class=\"elementor-container elementor-column-gap-default\">\n\t\t\t\t\t<div class=\"elementor-column elementor-col-100 elementor-top-column elementor-element elementor-element-d0668e5\" data-id=\"d0668e5\" data-element_type=\"column\" data-e-type=\"column\">\n\t\t\t<div class=\"elementor-widget-wrap elementor-element-populated\">\n\t\t\t\t\t\t<div class=\"elementor-element elementor-element-060ec14 elementor-widget elementor-widget-text-editor\" data-id=\"060ec14\" data-element_type=\"widget\" data-e-type=\"widget\" data-widget_type=\"text-editor.default\">\n\t\t\t\t<div class=\"elementor-widget-container\">\n\t\t\t\t\t\t\t\t\t<h3><strong>Preguntas frecuentes<\/strong><\/h3><p><strong>\u00bfQui\u00e9n es <a href=\"https:\/\/mcakey.com\/es\/\">MCAKey<\/a>?<\/strong><\/p><p>Somos un revendedor en l\u00ednea de productos de software OEM de fabricantes como Microsoft, Norton, McAfee y muchos otros. Para obtener informaci\u00f3n adicional, visite nuestra p\u00e1gina <a href=\"enlace\" rel=\"noreferrer\">Sobre nosotros<\/a>.<\/p><p><strong>\u00bfEs seguro realizar pedidos en l\u00ednea desde <a href=\"https:\/\/mcakey.com\/es\/\">MCAKey<\/a>?<\/strong><\/p><p>S\u00ed. Nuestras p\u00e1ginas de pago est\u00e1n protegidas con cifrado SSL de 128 bits, el est\u00e1ndar de la industria para pedidos seguros en l\u00ednea. Busque siempre la barra de URL verde y el icono de candado o llave en su navegador al realizar el pago, ya que esto indica una p\u00e1gina segura y cifrada.<\/p><p><strong>\u00bfCu\u00e1l es la diferencia entre OEM y empaque de caja minorista?<\/strong><\/p><p>La versi\u00f3n minorista del software incluye el disco(s) de instalaci\u00f3n, el Certificado de Autenticidad (si lo proporciona el fabricante) y el n\u00famero de clave\/serie del producto (si es necesario). El software OEM no viene en empaque minorista, no incluye manuales impresos, no puede transferirse (incluso si el equipo original se aver\u00eda) y no tiene derecho a soporte t\u00e9cnico gratuito del fabricante. Los archivos de ayuda generalmente se incluyen en el disco. El software OEM solo est\u00e1 disponible en ediciones de versi\u00f3n completa, lo que significa que no existen productos OEM de actualizaci\u00f3n. Sin embargo, el software OEM puede actualizarse a versiones futuras mediante la compra de un producto de actualizaci\u00f3n compatible.<\/p><p><strong>\u00bfC\u00f3mo es posible que vendan su software a precios tan bajos?<\/strong><\/p><p>No tenemos contrato ni estamos autorizados por ning\u00fan fabricante de software en particular. Esto nos permite vender nuestros productos significativamente por debajo del precio minorista sugerido (MSRP). Compramos de fuentes reputadas en el mercado mayorista a precios m\u00e1s bajos y le trasladamos esos ahorros a usted.<\/p><p><strong>\u00bfEs necesario registrarse en el sitio web del fabricante?<\/strong><\/p><p>Como vendemos programas OEM, ya hemos registrado el software, por lo que no es necesario que usted lo haga nuevamente.<\/p><p><strong>\u00bfCu\u00e1ndo recibir\u00e9 el software comprado?<\/strong><\/p><p>Todo el software se entrega digitalmente. Despu\u00e9s de la compra, recibir\u00e1 un c\u00f3digo de licencia y un enlace de descarga (si es necesario) por correo electr\u00f3nico. Aseg\u00farese de ingresar una direcci\u00f3n de correo electr\u00f3nico correcta y funcional.<\/p><p><strong>\u00bfQu\u00e9 m\u00e9todos de pago acepta su sitio web?<\/strong><\/p><p>Actualmente, aceptamos PayPal para transacciones seguras.<\/p><p><strong>\u00bfQu\u00e9 ocurre si algo sale mal? \u00bfPuedo obtener un reembolso?<\/strong><\/p><p>Si hay problemas irresolubles con el software y nuestro equipo de soporte no puede ayudar, puede recibir un reembolso o un software de reemplazo. La elecci\u00f3n del producto de reemplazo depende de usted.<\/p><p><strong>No puedo encontrar ninguna informaci\u00f3n sobre mi pedido reciente.<\/strong><\/p><p>Tras el pago exitoso, recibir\u00e1 un correo electr\u00f3nico de confirmaci\u00f3n del pago.<\/p><p>Atenci\u00f3n: Algunos usuarios tienen problemas para recibir nuestros correos electr\u00f3nicos porque los mensajes autom\u00e1ticos a menudo terminan en carpetas de spam o son bloqueados por los proveedores de servicios de Internet. Revise sus carpetas de SPAM o CORREO BASURA.<\/p><p><strong>\u00bfVenden versiones completas de software?<\/strong><\/p><p>S\u00ed, vendemos \u00fanicamente versiones completas de software.<\/p><p><strong>\u00bfEnv\u00edan software en discos?<\/strong><\/p><p>No, vendemos \u00fanicamente descargas digitales. Sin embargo, puede grabar su propio disco con el archivo descargado.<\/p><p><strong>\u00bfQu\u00e9 moneda utiliza su sitio web?<\/strong><\/p><p>D\u00f3lares estadounidenses.<\/p><p><strong>\u00bfHay cargos adicionales por el software?<\/strong><\/p><p>No, no hay cargos adicionales.<\/p><p><strong>\u00bfPodr\u00e9 volver a descargar el software comprado en el futuro (en caso de fallo del PC)?<\/strong><\/p><p>S\u00ed, podr\u00e1 volver a descargar su software. Simplemente contacte a nuestro equipo de soporte para reactivar sus enlaces.<\/p><p><strong>\u00bfQu\u00e9 requisitos de hardware se necesitan para instalar su software?<\/strong><\/p><p>Los requisitos de hardware se indican en la descripci\u00f3n de cada producto en nuestra tienda.<\/p><p><strong>\u00bfEn cu\u00e1ntos equipos puedo instalar el software comprado?<\/strong><\/p><p>Puede instalar el software en un solo equipo a la vez.<\/p><p><strong>\u00bfC\u00f3mo puedo determinar si mi equipo es de 32 bits o de 64 bits?<\/strong><\/p><p>Para determinar si su equipo es de 32 bits o de 64 bits:<\/p><ol><li>Abra el men\u00fa Inicio y vaya a Programas &gt; Accesorios &gt; Herramientas del sistema &gt; Informaci\u00f3n del sistema.<\/li><li>Busque en el Resumen del sistema el elemento \u00abTipo de sistema\u00bb.<\/li><li>El valor de este elemento le indicar\u00e1 si su equipo es de 32 bits o de 64 bits:<ul><li>PC basada en x86: 32 bits<\/li><li>PC basada en x64: 64 bits<\/li><\/ul><\/li><\/ol><p><strong>\u00bfSus productos est\u00e1n usados?<\/strong><\/p><p>Absolutamente no. No vendemos productos usados. Garantizamos que todos nuestros productos son nuevos, nunca usados ni activados.<\/p><p><strong>\u00bfPuedo obtener un descuento si compro m\u00e1s de una copia de un producto?<\/strong><\/p><p>S\u00ed, comun\u00edquese con nuestro equipo de soporte por correo electr\u00f3nico para descuentos por compra en volumen.<\/p><p><strong>\u00bfPodr\u00e9 obtener soporte t\u00e9cnico?<\/strong><\/p><p>Le ayudaremos con la descarga, instalaci\u00f3n y activaci\u00f3n de su programa comprado, pero no podemos ofrecer capacitaci\u00f3n sobre c\u00f3mo usar el producto.<\/p><p><strong>\u00bfHay tarifas de membres\u00eda en su sitio web?<\/strong><\/p><p>No, no necesita pagar ninguna tarifa de membres\u00eda.<\/p><p><strong>\u00bfViene su software con el Certificado de Autenticidad (COA)?<\/strong><\/p><p>Las versiones OEM no incluyen el COA, pero podr\u00e1 activar su software y recibir actualizaciones del fabricante (tenga en cuenta que algunos productos de software no pueden actualizarse; consulte con nuestro equipo de soporte sobre estas excepciones).<\/p><p><strong>\u00bfQu\u00e9 hago si quiero comprar un software que no tienen en su tienda?<\/strong><\/p><p>Si no puede encontrar un programa en nuestro cat\u00e1logo, comun\u00edquese con nuestro equipo de soporte. Intentaremos preparar un nuevo lanzamiento para usted.<\/p><p><strong>El carrito de compras no funciona. \u00bfQu\u00e9 estoy haciendo mal?<\/strong><\/p><p>Aseg\u00farese de que las cookies est\u00e9n habilitadas en la configuraci\u00f3n de su navegador. Si esto no resuelve el problema, comun\u00edquese con nuestro equipo de soporte.<\/p>\t\t\t\t\t\t\t\t<\/div>\n\t\t\t\t<\/div>\n\t\t\t\t\t<\/div>\n\t\t<\/div>\n\t\t\t\t\t<\/div>\n\t\t<\/section>\n\t\t\t\t<\/div>\n\t\t","protected":false},"excerpt":{"rendered":"<p>Preguntas frecuentes \u00bfQui\u00e9n es Keys4Microsoft? Somos un revendedor en l\u00ednea de productos de software OEM de fabricantes como Microsoft, Norton, McAfee y muchos otros. Para&#8230;<\/p>\n","protected":false},"author":1,"featured_media":0,"parent":0,"menu_order":0,"comment_status":"closed","ping_status":"closed","template":"","meta":{"footnotes":""},"class_list":["post-5292","page","type-page","status-publish","hentry"],"_links":{"self":[{"href":"https:\/\/mcakey.com\/es\/wp-json\/wp\/v2\/pages\/5292","targetHints":{"allow":["GET"]}}],"collection":[{"href":"https:\/\/mcakey.com\/es\/wp-json\/wp\/v2\/pages"}],"about":[{"href":"https:\/\/mcakey.com\/es\/wp-json\/wp\/v2\/types\/page"}],"author":[{"embeddable":true,"href":"https:\/\/mcakey.com\/es\/wp-json\/wp\/v2\/users\/1"}],"replies":[{"embeddable":true,"href":"https:\/\/mcakey.com\/es\/wp-json\/wp\/v2\/comments?post=5292"}],"version-history":[{"count":0,"href":"https:\/\/mcakey.com\/es\/wp-json\/wp\/v2\/pages\/5292\/revisions"}],"wp:attachment":[{"href":"https:\/\/mcakey.com\/es\/wp-json\/wp\/v2\/media?parent=5292"}],"curies":[{"name":"wp","href":"https:\/\/api.w.org\/{rel}","templated":true}]}}