{"id":5157,"date":"2022-08-20T11:46:55","date_gmt":"2022-08-20T11:46:55","guid":{"rendered":"https:\/\/mcakey.com\/politica-de-reembolsos\/"},"modified":"2025-11-29T18:59:04","modified_gmt":"2025-11-29T18:59:04","slug":"politica-de-reembolsos","status":"publish","type":"page","link":"https:\/\/mcakey.com\/es\/politica-de-reembolsos\/","title":{"rendered":"Pol\u00edtica de reembolsos"},"content":{"rendered":"\t\t<div data-elementor-type=\"wp-page\" data-elementor-id=\"5157\" class=\"elementor elementor-5157 elementor-1035\" data-elementor-post-type=\"page\">\n\t\t\t\t\t\t<section class=\"elementor-section elementor-top-section elementor-element elementor-element-6bf1c2c elementor-section-boxed elementor-section-height-default elementor-section-height-default\" data-id=\"6bf1c2c\" data-element_type=\"section\" data-e-type=\"section\">\n\t\t\t\t\t\t<div class=\"elementor-container elementor-column-gap-default\">\n\t\t\t\t\t<div class=\"elementor-column elementor-col-100 elementor-top-column elementor-element elementor-element-8d97ec6\" data-id=\"8d97ec6\" data-element_type=\"column\" data-e-type=\"column\">\n\t\t\t<div class=\"elementor-widget-wrap elementor-element-populated\">\n\t\t\t\t\t\t<div class=\"elementor-element elementor-element-a9121fa elementor-widget elementor-widget-heading\" data-id=\"a9121fa\" data-element_type=\"widget\" data-e-type=\"widget\" data-widget_type=\"heading.default\">\n\t\t\t\t<div class=\"elementor-widget-container\">\n\t\t\t\t\t<h2 class=\"elementor-heading-title elementor-size-default\">Pol\u00edtica de reembolsos<\/h2>\t\t\t\t<\/div>\n\t\t\t\t<\/div>\n\t\t\t\t<div class=\"elementor-element elementor-element-04f1615 elementor-widget elementor-widget-text-editor\" data-id=\"04f1615\" data-element_type=\"widget\" data-e-type=\"widget\" data-widget_type=\"text-editor.default\">\n\t\t\t\t<div class=\"elementor-widget-container\">\n\t\t\t\t\t\t\t\t\t<p><strong>Atenci\u00f3n:<\/strong><\/p><p>Nuestro equipo de soporte est\u00e1 altamente capacitado y a menudo puede resolver cualquier problema que pueda tener con el software adquirido. Por lo tanto, le recomendamos encarecidamente que primero contacte a nuestro equipo de soporte para obtener ayuda.<\/p><p><strong>Reembolsos:<\/strong><\/p><p>Los reembolsos pueden emitirse en caso de problemas irresolubles con el software. Si nuestro equipo de soporte no puede resolver su problema, podr\u00eda ser elegible para un reembolso.<\/p><p><strong>Contactar con Soporte:<\/strong><\/p><p>Para cualquier problema o para solicitar un reembolso, comun\u00edquese con nuestro equipo de soporte:<\/p><p>Correo electr\u00f3nico: <a rel=\"noreferrer\"><strong>support@mcakey.com<\/strong><\/a><\/p><p>Estamos comprometidos a garantizar su satisfacci\u00f3n y haremos todo lo posible por resolver cualquier problema de forma r\u00e1pida.<\/p>\t\t\t\t\t\t\t\t<\/div>\n\t\t\t\t<\/div>\n\t\t\t\t\t<\/div>\n\t\t<\/div>\n\t\t\t\t\t<\/div>\n\t\t<\/section>\n\t\t\t\t<\/div>\n\t\t","protected":false},"excerpt":{"rendered":"<p>Pol\u00edtica de reembolsos Atenci\u00f3n: Nuestro equipo de soporte est\u00e1 altamente capacitado y a menudo puede resolver cualquier problema que pueda tener con el software adquirido&#8230;.<\/p>\n","protected":false},"author":1,"featured_media":0,"parent":0,"menu_order":0,"comment_status":"closed","ping_status":"closed","template":"","meta":{"footnotes":""},"class_list":["post-5157","page","type-page","status-publish","hentry"],"_links":{"self":[{"href":"https:\/\/mcakey.com\/es\/wp-json\/wp\/v2\/pages\/5157","targetHints":{"allow":["GET"]}}],"collection":[{"href":"https:\/\/mcakey.com\/es\/wp-json\/wp\/v2\/pages"}],"about":[{"href":"https:\/\/mcakey.com\/es\/wp-json\/wp\/v2\/types\/page"}],"author":[{"embeddable":true,"href":"https:\/\/mcakey.com\/es\/wp-json\/wp\/v2\/users\/1"}],"replies":[{"embeddable":true,"href":"https:\/\/mcakey.com\/es\/wp-json\/wp\/v2\/comments?post=5157"}],"version-history":[{"count":0,"href":"https:\/\/mcakey.com\/es\/wp-json\/wp\/v2\/pages\/5157\/revisions"}],"wp:attachment":[{"href":"https:\/\/mcakey.com\/es\/wp-json\/wp\/v2\/media?parent=5157"}],"curies":[{"name":"wp","href":"https:\/\/api.w.org\/{rel}","templated":true}]}}